{"id":394,"date":"2020-06-30T16:35:48","date_gmt":"2020-06-30T16:35:48","guid":{"rendered":"https:\/\/grupogarnet.com\/web\/?page_id=394"},"modified":"2020-10-01T21:37:28","modified_gmt":"2020-10-01T21:37:28","slug":"seguros-de-vida-y-salud","status":"publish","type":"page","link":"https:\/\/grupogarnet.com\/web\/seguros-de-vida-y-salud\/","title":{"rendered":"Seguros de Vida y Salud"},"content":{"rendered":"[vc_row remove_bottom_col_margin=\u00bbtrue\u00bb][vc_column][rev_slider_vc alias=\u00bbrevovida\u00bb][\/vc_column][\/vc_row][vc_row column_spacing=\u00bb0px\u00bb center_row=\u00bbyes\u00bb css=\u00bb.vc_custom_1593471753310{background-color: #7a2c2d !important;}\u00bb][vc_column width=\u00bb1\/3&#8243;][vc_column_text]\n<div class=\"ServiceText\">\n<p>Has venido al lugar correcto para equilibrar los costos y la calidad del plan de salud. Tenemos planes para empresas desde 5 empleados que cubren las necesidades de:<\/p>\n<ul>\n<li>Seguro de Vida<\/li>\n<li>Seguro de salud<\/li>\n<li>Seguro dental<\/li>\n<\/ul>\n<p>Adem\u00e1s de convenientes descuentos y beneficios en una amplia red de prestadores.<\/p>\n<p>Los costos de salud siguen subiendo y los trabajadores tienen expectativas muy distintas sobre sus beneficios. No da lo mismo que plan de salud tomar.<\/p>\n<p>Te asesoramos para mantener los costos enfoc\u00e1ndonos en la mayor satisfacci\u00f3n de tu organizaci\u00f3n.<\/p>\n<p>Tenemos la experiencia para manejar el mejor plan de salud para tus trabajadores.<\/p><\/div>\n[\/vc_column_text][\/vc_column][vc_column width=\u00bb1\/3&#8243; css=\u00bb.vc_custom_1593528731179{background-color: #dec0ba !important;}\u00bb][vc_column_text]\n<p class=\"VidaTxt\">M\u00e1s de<br \/>\n<span class=\"VidaTitle\">20 a\u00f1os de experiencia<\/span><br \/>\nen grandes medianas y peque\u00f1as empresas. Con un enfoque de bienestar para los trabajadores que se transforma en una inversion para la empresa con resultados en el desempe\u00f1o.<\/p>\n[\/vc_column_text][vc_single_image image=\u00bb400&#8243; alignment=\u00bbcenter\u00bb][\/vc_column][vc_column width=\u00bb1\/3&#8243;][vc_column_text]\n<div class=\"ServiceText\">\n<div class=\"ServiceTitle\">Conf\u00eda en nosotros<\/div>\n<p>Analizamos las mejores opciones para proteger a tus colaboradores o alternativas de protecci\u00f3n para tus clientes. Nuestras soluciones son adaptables y en base a un estudio acabado de tus requerimientos.<\/p><\/div>\n[\/vc_column_text][vc_raw_html el_class=\u00bbServiceContact\u00bb]JTNDZGl2JTIwY2xhc3MlM0QlMjJDb250YWN0TWFpbiUyMiUzRSUwQSUzQ2RpdiUyMGNsYXNzJTNEJTIyQ29udGFjdE1haWwlMjIlM0UlM0NpJTIwY2xhc3MlM0QlMjJ0aWNvbiUyMHRpY29uLWVudmVsb3BlJTIyJTNFJTNDJTJGaSUzRSUyMCUzQ2ElMjBocmVmJTNEJTIybWFpbHRvJTNBY29udGFjdG8lNDBncnVwb2dhcm5ldC5jb20lMjIlMjBzdHlsZSUzRCUyMmNvbG9yJTNBJTIwJTIzMDAwMDAwJTNCJTIyJTIwdGl0bGUlM0QlMjJFc2NyJUMzJUFEYmVub3MlMjIlM0Vjb250YWN0byU0MGdydXBvZ2FybmV0LmNvbSUzQyUyRmElM0UlM0MlMkZkaXYlM0UlMEElM0NkaXYlMjBjbGFzcyUzRCUyMkNvbnRhY3RXaGF0c2FwcCUyMiUzRSUzQ2klMjBjbGFzcyUzRCUyMnRpY29uJTIwdGljb24td2hhdHNhcHAlMjIlM0UlM0MlMkZpJTNFJTIwV2hhdHNhcHAlMjAlM0NhJTIwaHJlZiUzRCUyMmh0dHBzJTNBJTJGJTJGd2EubWUlMkY1NjkzNTM5MDI5OCUzRnRleHQlM0RIb2xhJTIwR2FybmV0JTIyJTIwc3R5bGUlM0QlMjJjb2xvciUzQSUyMCUyMzAwMDAwMCUzQiUyMiUyMHRhcmdldCUzRCUyMl9ibGFuayUyMiUzRSUyQjU2OSUyMDM1MzklMjAwMjk4JTNDJTJGYSUzRSUzQyUyRmRpdiUzRSUwQSUzQ2RpdiUyMGNsYXNzJTNEJTIyQ29udGFjdFBob25lJTIyJTNFJTNDaSUyMGNsYXNzJTNEJTIydGljb24lMjB0aWNvbi1waG9uZSUyMiUzRSUzQyUyRmklM0UlMjAlM0NhJTIwaHJlZiUzRCUyMnRlbCUzQSUyQiUyQjU2MjMyMjMzMzI2JTIyJTIwc3R5bGUlM0QlMjJjb2xvciUzQSUyMCUyMzAwMDAwMCUzQiUyMiUzRSUyQjU2MiUyMDMyMjMlMjAzMzI2JTNDJTJGYSUzRSUzQyUyRmRpdiUzRSUwQSUzQyUyRmRpdiUzRQ==[\/vc_raw_html][\/vc_column][\/vc_row]\n","protected":false},"excerpt":{"rendered":"<p>[vc_row remove_bottom_col_margin=\u00bbtrue\u00bb][vc_column][rev_slider_vc alias=\u00bbrevovida\u00bb][\/vc_column][\/vc_row][vc_row column_spacing=\u00bb0px\u00bb center_row=\u00bbyes\u00bb css=\u00bb.vc_custom_1593471753310{background-color: #7a2c2d !important;}\u00bb][vc_column width=\u00bb1\/3&#8243;][vc_column_text] Has venido al lugar correcto para equilibrar los costos y la calidad del plan de salud. Tenemos planes para empresas desde 5 empleados que cubren las necesidades de: Seguro de Vida&hellip;<\/p>\n","protected":false},"author":1,"featured_media":0,"parent":0,"menu_order":1,"comment_status":"closed","ping_status":"closed","template":"","meta":{"footnotes":""},"_links":{"self":[{"href":"https:\/\/grupogarnet.com\/web\/wp-json\/wp\/v2\/pages\/394"}],"collection":[{"href":"https:\/\/grupogarnet.com\/web\/wp-json\/wp\/v2\/pages"}],"about":[{"href":"https:\/\/grupogarnet.com\/web\/wp-json\/wp\/v2\/types\/page"}],"author":[{"embeddable":true,"href":"https:\/\/grupogarnet.com\/web\/wp-json\/wp\/v2\/users\/1"}],"replies":[{"embeddable":true,"href":"https:\/\/grupogarnet.com\/web\/wp-json\/wp\/v2\/comments?post=394"}],"version-history":[{"count":9,"href":"https:\/\/grupogarnet.com\/web\/wp-json\/wp\/v2\/pages\/394\/revisions"}],"predecessor-version":[{"id":422,"href":"https:\/\/grupogarnet.com\/web\/wp-json\/wp\/v2\/pages\/394\/revisions\/422"}],"wp:attachment":[{"href":"https:\/\/grupogarnet.com\/web\/wp-json\/wp\/v2\/media?parent=394"}],"curies":[{"name":"wp","href":"https:\/\/api.w.org\/{rel}","templated":true}]}}