{"id":379,"date":"2020-06-30T16:10:00","date_gmt":"2020-06-30T16:10:00","guid":{"rendered":"https:\/\/grupogarnet.com\/web\/?page_id=379"},"modified":"2020-10-01T21:36:36","modified_gmt":"2020-10-01T21:36:36","slug":"seguros-generales","status":"publish","type":"page","link":"https:\/\/grupogarnet.com\/web\/seguros-generales\/","title":{"rendered":"Seguros Generales"},"content":{"rendered":"[vc_row remove_bottom_col_margin=\u00bbtrue\u00bb][vc_column][rev_slider_vc alias=\u00bbrevogenerales\u00bb][\/vc_column][\/vc_row][vc_row column_spacing=\u00bb0px\u00bb center_row=\u00bbyes\u00bb css=\u00bb.vc_custom_1593471753310{background-color: #7a2c2d !important;}\u00bb][vc_column width=\u00bb1\/3&#8243;][vc_column_text]\n<div class=\"ServiceText\">\n<p>Los proyectos como tambi\u00e9n los activos de su empresa tienen mucha relevancia en el desarrollo de tus negocios . Si ocurre un accidente o algo inesperado y no cuentan con la protecci\u00f3n adeacuada puede afectar significativamente los plazos de tu proyecto o gastos relevantes y dejar a su empresa expuesta a riesgos financieros y legales.<\/p>\n<p>En Garnet tenemos la experiencia y habilidad para equilibrar los costos y calidad de tu plan de seguro.<\/p>\n<p>Esto permite entender, dise\u00f1ar y por ende brindar la mejor atenci\u00f3n a las necesidades de tu compa\u00f1\u00eda.<\/p>\n<p>Limita tus p\u00e9rdidas y protege tus activos. Dise\u00f1amos la protecci\u00f3n que necesitas, no m\u00e1s ni menos para proteger lo importante.<\/p><\/div>\n[\/vc_column_text][\/vc_column][vc_column width=\u00bb1\/3&#8243; css=\u00bb.vc_custom_1593528731179{background-color: #dec0ba !important;}\u00bb][vc_column_text]\n<div class=\"GeneralMain\">\n<div class=\"GeneralLeft\">\n<ul>\n<li>Property<\/li>\n<li>Responsabilidad Civil<\/li>\n<li>Lineas Financieras<\/li>\n<\/ul>\n<\/div>\n<div class=\"GeneralRight\">\n<ul>\n<li>Construcci\u00f3n<\/li>\n<li>Garant\u00eda<\/li>\n<li>Entre Otros<\/li>\n<\/ul>\n<\/div>\n<\/div>\n[\/vc_column_text][vc_column_text]\n<p class=\"GeneralTxt\">Te asesoramos en como prevenir los riesgos de tu empresa en todos los ambitos que necesites.<\/p>\n[\/vc_column_text][vc_single_image image=\u00bb384&#8243; alignment=\u00bbcenter\u00bb][\/vc_column][vc_column width=\u00bb1\/3&#8243;][vc_column_text]\n<div class=\"ServiceText\">\n<div class=\"ServiceTitle\">Conf\u00eda en nosotros<\/div>\n<p>Analizamos las opciones con el mercado de seguros para entregarte la mejor alternativa para cubrir los riesgos de tu empresa. Negociamos con cada compa\u00f1\u00eda de seguros las condiciones adecu\u00e1ndonos a tus requerimientos.<\/p><\/div>\n[\/vc_column_text][vc_raw_html el_class=\u00bbServiceContact\u00bb]JTNDZGl2JTIwY2xhc3MlM0QlMjJDb250YWN0TWFpbiUyMiUzRSUwQSUzQ2RpdiUyMGNsYXNzJTNEJTIyQ29udGFjdE1haWwlMjIlM0UlM0NpJTIwY2xhc3MlM0QlMjJ0aWNvbiUyMHRpY29uLWVudmVsb3BlJTIyJTNFJTNDJTJGaSUzRSUyMCUzQ2ElMjBocmVmJTNEJTIybWFpbHRvJTNBY29udGFjdG8lNDBncnVwb2dhcm5ldC5jb20lMjIlMjBzdHlsZSUzRCUyMmNvbG9yJTNBJTIwJTIzMDAwMDAwJTNCJTIyJTIwdGl0bGUlM0QlMjJFc2NyJUMzJUFEYmVub3MlMjIlM0Vjb250YWN0byU0MGdydXBvZ2FybmV0LmNvbSUzQyUyRmElM0UlM0MlMkZkaXYlM0UlMEElM0NkaXYlMjBjbGFzcyUzRCUyMkNvbnRhY3RXaGF0c2FwcCUyMiUzRSUzQ2klMjBjbGFzcyUzRCUyMnRpY29uJTIwdGljb24td2hhdHNhcHAlMjIlM0UlM0MlMkZpJTNFJTIwV2hhdHNhcHAlMjAlM0NhJTIwaHJlZiUzRCUyMmh0dHBzJTNBJTJGJTJGd2EubWUlMkY1NjkzNTM5MDI5OCUzRnRleHQlM0RIb2xhJTIwR2FybmV0JTIyJTIwc3R5bGUlM0QlMjJjb2xvciUzQSUyMCUyMzAwMDAwMCUzQiUyMiUyMHRhcmdldCUzRCUyMl9ibGFuayUyMiUzRSUyQjU2OSUyMDM1MzklMjAwMjk4JTNDJTJGYSUzRSUzQyUyRmRpdiUzRSUwQSUzQ2RpdiUyMGNsYXNzJTNEJTIyQ29udGFjdFBob25lJTIyJTNFJTNDaSUyMGNsYXNzJTNEJTIydGljb24lMjB0aWNvbi1waG9uZSUyMiUzRSUzQyUyRmklM0UlMjAlM0NhJTIwaHJlZiUzRCUyMnRlbCUzQSUyQiUyQjU2MjMyMjMzMzI2JTIyJTIwc3R5bGUlM0QlMjJjb2xvciUzQSUyMCUyMzAwMDAwMCUzQiUyMiUzRSUyQjU2MiUyMDMyMjMlMjAzMzI2JTNDJTJGYSUzRSUzQyUyRmRpdiUzRSUwQSUzQyUyRmRpdiUzRQ==[\/vc_raw_html][\/vc_column][\/vc_row]\n","protected":false},"excerpt":{"rendered":"<p>[vc_row remove_bottom_col_margin=\u00bbtrue\u00bb][vc_column][rev_slider_vc alias=\u00bbrevogenerales\u00bb][\/vc_column][\/vc_row][vc_row column_spacing=\u00bb0px\u00bb center_row=\u00bbyes\u00bb css=\u00bb.vc_custom_1593471753310{background-color: #7a2c2d !important;}\u00bb][vc_column width=\u00bb1\/3&#8243;][vc_column_text] Los proyectos como tambi\u00e9n los activos de su empresa tienen mucha relevancia en el desarrollo de tus negocios . Si ocurre un accidente o algo inesperado y no cuentan con la&hellip;<\/p>\n","protected":false},"author":1,"featured_media":0,"parent":0,"menu_order":1,"comment_status":"closed","ping_status":"closed","template":"","meta":{"footnotes":""},"_links":{"self":[{"href":"https:\/\/grupogarnet.com\/web\/wp-json\/wp\/v2\/pages\/379"}],"collection":[{"href":"https:\/\/grupogarnet.com\/web\/wp-json\/wp\/v2\/pages"}],"about":[{"href":"https:\/\/grupogarnet.com\/web\/wp-json\/wp\/v2\/types\/page"}],"author":[{"embeddable":true,"href":"https:\/\/grupogarnet.com\/web\/wp-json\/wp\/v2\/users\/1"}],"replies":[{"embeddable":true,"href":"https:\/\/grupogarnet.com\/web\/wp-json\/wp\/v2\/comments?post=379"}],"version-history":[{"count":7,"href":"https:\/\/grupogarnet.com\/web\/wp-json\/wp\/v2\/pages\/379\/revisions"}],"predecessor-version":[{"id":421,"href":"https:\/\/grupogarnet.com\/web\/wp-json\/wp\/v2\/pages\/379\/revisions\/421"}],"wp:attachment":[{"href":"https:\/\/grupogarnet.com\/web\/wp-json\/wp\/v2\/media?parent=379"}],"curies":[{"name":"wp","href":"https:\/\/api.w.org\/{rel}","templated":true}]}}