{"id":33,"date":"2020-06-29T15:58:34","date_gmt":"2020-06-29T15:58:34","guid":{"rendered":"https:\/\/grupogarnet.com\/web\/?page_id=33"},"modified":"2021-05-24T22:34:51","modified_gmt":"2021-05-24T22:34:51","slug":"inicio","status":"publish","type":"page","link":"https:\/\/grupogarnet.com\/web\/","title":{"rendered":"Inicio"},"content":{"rendered":"[vc_row][vc_column][rev_slider_vc alias=\u00bbrevohome\u00bb][\/vc_column][\/vc_row][vc_row center_row=\u00bbyes\u00bb local_scroll_id=\u00bbSoluciones\u00bb][vc_column][vc_column_text]\n<h1 style=\"text-align: center;\">SOLUCIONES<\/h1>\n[\/vc_column_text][vc_single_image image=\u00bb113&#8243; alignment=\u00bbcenter\u00bb css=\u00bb.vc_custom_1593456838545{padding-top: 10px !important;}\u00bb][vc_row_inner][vc_column_inner width=\u00bb1\/6&#8243; offset=\u00bbvc_hidden-xs\u00bb][\/vc_column_inner][vc_column_inner width=\u00bb4\/6&#8243;][vc_column_text]\n<p style=\"text-align: center;\">Somos expertos en atender grandes contratos de construcci\u00f3n, inmobiliarios y otros, con complejidades que conllevan oportunidades financieras que un corredor de seguros tradicional no ve.<\/p>\n<p style=\"text-align: center;\">En Seguros complementarios de salud tenemos planes desde 5 trabajadores y podemos adecuar cada plan de salud a la necesidad de tu empresa.<\/p>\n<p style=\"text-align: center;\">Tenemos la experiencia y la tecnolog\u00eda para implementar proyectos de seguros masivos en empresas de retail, financieras y muchas otras.<\/p>\n[\/vc_column_text][\/vc_column_inner][vc_column_inner width=\u00bb1\/6&#8243; offset=\u00bbvc_hidden-xs\u00bb][\/vc_column_inner][\/vc_row_inner][\/vc_column][\/vc_row][vc_row center_row=\u00bbyes\u00bb el_class=\u00bbBkSoluciones\u00bb][vc_column width=\u00bb1\/3&#8243;][vc_row_inner equal_height=\u00bbyes\u00bb remove_bottom_col_margin=\u00bbtrue\u00bb css=\u00bb.vc_custom_1593459633249{background-color: #7a2c2d !important;}\u00bb][vc_column_inner width=\u00bb1\/2&#8243; css=\u00bb.vc_custom_1593458998049{margin-right: -15px !important;margin-left: -15px !important;}\u00bb][vc_single_image image=\u00bb137&#8243; alignment=\u00bbcenter\u00bb][\/vc_column_inner][vc_column_inner width=\u00bb1\/2&#8243;][vc_single_image image=\u00bb140&#8243; el_class=\u00bbPanelBlock\u00bb][vc_column_text]\n<h2>P\u00f3lizas de Garant\u00eda<\/h2>\n[\/vc_column_text][vc_column_text css=\u00bb.vc_custom_1593460867326{padding-top: 5px !important;}\u00bb]\n<div class=\"PanelTxt\">Expertos en el ramo de p\u00f3lizas de garant\u00eda. Garantizamos sus contratos evitando la utilizaci\u00f3n de l\u00edneas bancarias y reduciendo los costos financieros.<\/div>\n[\/vc_column_text][vc_empty_space height=\u00bb16px\u00bb]<a href=\"https:\/\/grupogarnet.com\/web\/polizas-de-garantia\" class=\"vcex-button theme-button flat inline PanelBtn animate-on-hover\" style=\"background:#d9a79d;padding-top:10px;padding-bottom:10px;color:#000000;font-weight:400;border-radius:0px;text-transform:uppercase;font-family:&#039;Roboto&#039;,&#039;Helvetica Neue&#039;, Arial, sans-serif;\" data-wpex-hover='{&quot;background&quot;:&quot;#000000&quot;,&quot;color&quot;:&quot;#ffffff&quot;}' data-wpex-rcss='{&quot;font-size&quot;:{&quot;d&quot;:&quot;9px&quot;,&quot;tl&quot;:&quot;12px&quot;,&quot;tp&quot;:&quot;7px&quot;,&quot;pp&quot;:&quot;16px&quot;}}'><span class=\"theme-button-inner\"><span class=\"vcex-icon-wrap theme-button-icon-left\"><span class=\"ticon ticon-chevron-right\" aria-hidden=\"true\"><\/span><\/span>M\u00e1s Informaci\u00f3n<\/span><\/a> [\/vc_column_inner][\/vc_row_inner][\/vc_column][vc_column width=\u00bb1\/3&#8243;][vc_row_inner equal_height=\u00bbyes\u00bb remove_bottom_col_margin=\u00bbtrue\u00bb css=\u00bb.vc_custom_1593459633249{background-color: #7a2c2d !important;}\u00bb][vc_column_inner width=\u00bb1\/2&#8243; css=\u00bb.vc_custom_1593458998049{margin-right: -15px !important;margin-left: -15px !important;}\u00bb][vc_single_image image=\u00bb177&#8243; alignment=\u00bbcenter\u00bb][\/vc_column_inner][vc_column_inner width=\u00bb1\/2&#8243;][vc_single_image image=\u00bb140&#8243; el_class=\u00bbPanelBlock\u00bb][vc_column_text]\n<h2>Seguros Generales<\/h2>\n[\/vc_column_text][vc_column_text css=\u00bb.vc_custom_1593460875443{padding-top: 5px !important;}\u00bb]\n<div class=\"PanelTxt\">Soluciones adaptables a las necesidades de protecci\u00f3n en bienes generales, de trabajo, insumos temporales y productos nuevos.<\/div>\n[\/vc_column_text][vc_empty_space height=\u00bb34px\u00bb]<a href=\"https:\/\/grupogarnet.com\/web\/seguros-generales\" class=\"vcex-button theme-button flat inline PanelBtn animate-on-hover\" style=\"background:#d9a79d;padding-top:10px;padding-bottom:10px;color:#000000;font-weight:400;border-radius:0px;text-transform:uppercase;font-family:&#039;Roboto&#039;,&#039;Helvetica Neue&#039;, Arial, sans-serif;\" data-wpex-hover='{&quot;background&quot;:&quot;#000000&quot;,&quot;color&quot;:&quot;#ffffff&quot;}' data-wpex-rcss='{&quot;font-size&quot;:{&quot;d&quot;:&quot;9px&quot;,&quot;tl&quot;:&quot;12px&quot;,&quot;tp&quot;:&quot;7px&quot;,&quot;pp&quot;:&quot;16px&quot;}}'><span class=\"theme-button-inner\"><span class=\"vcex-icon-wrap theme-button-icon-left\"><span class=\"ticon ticon-chevron-right\" aria-hidden=\"true\"><\/span><\/span>M\u00e1s Informaci\u00f3n<\/span><\/a> [\/vc_column_inner][\/vc_row_inner][\/vc_column][vc_column width=\u00bb1\/3&#8243;][vc_row_inner equal_height=\u00bbyes\u00bb remove_bottom_col_margin=\u00bbtrue\u00bb css=\u00bb.vc_custom_1593459633249{background-color: #7a2c2d !important;}\u00bb][vc_column_inner width=\u00bb1\/2&#8243; css=\u00bb.vc_custom_1593458998049{margin-right: -15px !important;margin-left: -15px !important;}\u00bb][vc_single_image image=\u00bb180&#8243; alignment=\u00bbcenter\u00bb][\/vc_column_inner][vc_column_inner width=\u00bb1\/2&#8243;][vc_single_image image=\u00bb140&#8243; el_class=\u00bbPanelBlock\u00bb][vc_column_text]\n<h2>Seguros de Vida y Salud<\/h2>\n[\/vc_column_text][vc_column_text css=\u00bb.vc_custom_1593461135189{padding-top: 5px !important;}\u00bb]\n<div class=\"PanelTxt\">M\u00faltiples opciones de protecci\u00f3n para personas y grupos familiares, contamos con soluciones flexibles y adaptables a las necesidades reales.<\/div>\n[\/vc_column_text][vc_empty_space height=\u00bb16px\u00bb]<a href=\"https:\/\/grupogarnet.com\/web\/seguros-de-vida-y-salud\" class=\"vcex-button theme-button flat inline PanelBtn animate-on-hover\" style=\"background:#d9a79d;padding-top:10px;padding-bottom:10px;color:#000000;font-weight:400;border-radius:0px;text-transform:uppercase;font-family:&#039;Roboto&#039;,&#039;Helvetica Neue&#039;, Arial, sans-serif;\" data-wpex-hover='{&quot;background&quot;:&quot;#000000&quot;,&quot;color&quot;:&quot;#ffffff&quot;}' data-wpex-rcss='{&quot;font-size&quot;:{&quot;d&quot;:&quot;9px&quot;,&quot;tl&quot;:&quot;12px&quot;,&quot;tp&quot;:&quot;7px&quot;,&quot;pp&quot;:&quot;16px&quot;}}'><span class=\"theme-button-inner\"><span class=\"vcex-icon-wrap theme-button-icon-left\"><span class=\"ticon ticon-chevron-right\" aria-hidden=\"true\"><\/span><\/span>M\u00e1s Informaci\u00f3n<\/span><\/a> [\/vc_column_inner][\/vc_row_inner][\/vc_column][\/vc_row][vc_row center_row=\u00bbyes\u00bb local_scroll_id=\u00bbQuienes\u00bb css=\u00bb.vc_custom_1593457139499{background-color: #d8d8d8 !important;}\u00bb][vc_column][vc_column_text]\n<h1 style=\"text-align: center;\">QUI\u00c9NES SOMOS<\/h1>\n[\/vc_column_text][vc_single_image image=\u00bb113&#8243; alignment=\u00bbcenter\u00bb css=\u00bb.vc_custom_1593456838545{padding-top: 10px !important;}\u00bb][vc_row_inner][vc_column_inner width=\u00bb1\/6&#8243; offset=\u00bbvc_hidden-xs\u00bb][\/vc_column_inner][vc_column_inner width=\u00bb4\/6&#8243;][vc_column_text]\n<p style=\"text-align: center;\">Operaciones en Chile, Per\u00fa, Ecuador y Colombia. Cerca de 40.000 p\u00f3liza emitidas. Nos encanta acompa\u00f1ar a nuestros clientes en sus negocios en el extranjero.<\/p>\n[\/vc_column_text][\/vc_column_inner][vc_column_inner width=\u00bb1\/6&#8243; offset=\u00bbvc_hidden-xs\u00bb][\/vc_column_inner][\/vc_row_inner][vc_row_inner equal_height=\u00bbyes\u00bb content_placement=\u00bbmiddle\u00bb el_class=\u00bbBkWho\u00bb][vc_column_inner el_class=\u00bbWhoIntro\u00bb width=\u00bb2\/6&#8243; css=\u00bb.vc_custom_1593466505742{margin-bottom: 0px !important;}\u00bb][vc_column_text]Somos innovadores y comprometidos con nuestros clientes, buscamos generar respuestas a las necesidades internas y aportar al creciemiento de los negocios.<\/p>\n<p>Contamos con un respaldo de a\u00f1os de experiencia en seguros, banca y tecnolog\u00eda.<\/p>\n<p>Somos especialistas en el rubro Garant\u00eda, Seguros Generales y complementarios de Vida y Salud.<\/p>\n<p>Durante el 2019 Garnet se situ\u00f3 en el Top 10 de las corredoras del rubro Garant\u00eda, atendiendo a pocos cliente de manera muy personalizada.[\/vc_column_text][\/vc_column_inner][vc_column_inner width=\u00bb1\/6&#8243; css=\u00bb.vc_custom_1593466686014{margin-bottom: 0px !important;background-color: #7a2c2d !important;}\u00bb][vc_column_text el_class=\u00bbWhoText\u00bb]<span style=\"color: #d9a79d;\">MISI\u00d3N<\/span><br \/>\nBuscamos mejorar la rentabilidad de las empresas a trav\u00e9s de alternativas de protecci\u00f3n y el desarrollo de nuevos negocios.<\/p>\n<p><span style=\"color: #d9a79d;\">VISI\u00d3N<\/span><br \/>\nGarnet persigue la innovaci\u00f3n a trav\u00e9s de soluciones personalizadas mediante la intermediaci\u00f3n, la asesor\u00eda y el an\u00e1lisis.<\/p>\n<p><span style=\"color: #d9a79d;\">VALORES<\/span><\/p>\n<ul>\n<li>Profesionalismo<\/li>\n<li>Innovaci\u00f3n<\/li>\n<li>Creatividad<\/li>\n<li>Pasi\u00f3n por el servicio<\/li>\n<\/ul>\n[\/vc_column_text][\/vc_column_inner][vc_column_inner width=\u00bb3\/6&#8243; offset=\u00bbvc_hidden-xs\u00bb][\/vc_column_inner][\/vc_row_inner][vc_row_inner css=\u00bb.vc_custom_1593465920161{padding-top: 40px !important;}\u00bb][vc_column_inner css=\u00bb.vc_custom_1593457594332{margin-bottom: 0px !important;}\u00bb][vc_column_text]\n<p style=\"text-align: center;\">Aliado Estrat\u00e9gico\u00a0\u00a0\u00a0<a href=\"http:\/\/www.garnetek.xyz\/\" target=\"_blank\" rel=\"noopener noreferrer\"><img decoding=\"async\" class=\"LogoPartner\" src=\"https:\/\/grupogarnet.com\/web\/wp-content\/uploads\/Logo-Garnetek.png\" \/><\/a>\u00a0\u00a0\u00a0para la intermediaci\u00f3n de seguros masivos.<\/p>\n[\/vc_column_text][\/vc_column_inner][\/vc_row_inner][\/vc_column][\/vc_row][vc_row center_row=\u00bbyes\u00bb css=\u00bb.vc_custom_1593462531466{padding-top: 50px !important;}\u00bb local_scroll_id=\u00bbNormativas\u00bb][vc_column][vc_column_text]\n<h1 style=\"text-align: center;\">NORMATIVAS SVS<\/h1>\n[\/vc_column_text][vc_single_image image=\u00bb113&#8243; alignment=\u00bbcenter\u00bb css=\u00bb.vc_custom_1593456838545{padding-top: 10px !important;}\u00bb][vc_row_inner equal_height=\u00bbyes\u00bb][vc_column_inner width=\u00bb1\/3&#8243;][vc_raw_html]JTNDZGl2JTIwY2xhc3MlM0QlMjJOb3JtYVBhbmVsJTIyJTNFJTBBJTNDZGl2JTIwY2xhc3MlM0QlMjJOb3JtYVR4dCUyMiUzRSUwQUluZm9ybWFjaSVDMyVCM24lMjBzb2JyZSUyMGF0ZW5jaSVDMyVCM24lMjBkZSUyMGNsaWVudGVzJTIweSUyMHByZXNlbnRhY2klQzMlQjNuJTIwZGUlMjBjb25zdWx0YXMlMjB5JTIwcmVjbGFtb3MlM0MlMkZkaXYlM0UlMEElM0NkaXYlMjBjbGFzcyUzRCUyMk5vcm1hQnRuJTIyJTNFJTNDYSUyMGhyZWYlM0QlMjJqYXZhc2NyaXB0JTNBQm94emlsbGEuc2hvdyUyODI5MCUyOSUzQiUyMiUzRSUzQ2ltZyUyMHNyYyUzRCUyMmh0dHBzJTNBJTJGJTJGZ3J1cG9nYXJuZXQuY29tJTJGd2ViJTJGd3AtY29udGVudCUyRnVwbG9hZHMlMkZCdG4tTGluay5wbmclMjIlMjAlMkYlM0UlM0MlMkZhJTNFJTNDJTJGZGl2JTNFJTBBJTNDJTJGZGl2JTNF[\/vc_raw_html][\/vc_column_inner][vc_column_inner width=\u00bb1\/3&#8243;][vc_raw_html]JTNDZGl2JTIwY2xhc3MlM0QlMjJOb3JtYVBhbmVsJTIyJTNFJTBBJTNDZGl2JTIwY2xhc3MlM0QlMjJOb3JtYVR4dCUyMiUzRSUwQUluZm9ybWFjaSVDMyVCM24lMjBzb2JyZSUyMGRpdmVyc2lmaWNhY2klQzMlQjNuJTIwZGUlMjBwcm9kdWNjaSVDMyVCM24lMjBlbiUyMGNvbXBhJUMzJUIxJUMzJUFEYSUyMGRlJTIwc2VndXJvcyUzQyUyRmRpdiUzRSUwQSUzQ2RpdiUyMGNsYXNzJTNEJTIyTm9ybWFCdG4lMjIlM0UlM0NhJTIwaHJlZiUzRCUyMmh0dHBzJTNBJTJGJTJGZ3J1cG9nYXJuZXQuY29tJTJGd2ViJTJGd3AtY29udGVudCUyRnVwbG9hZHMlMkZGZWN1MjAxOVZGLnBkZiUyMiUyMHRhcmdldCUzRCUyMl9ibGFuayUyMiUyMHRpdGxlJTNEJTIyRGVzY2FyZ2FyJTIwRG9jdW1lbnRvJTIyJTNFJTNDaW1nJTIwc3JjJTNEJTIyaHR0cHMlM0ElMkYlMkZncnVwb2dhcm5ldC5jb20lMkZ3ZWIlMkZ3cC1jb250ZW50JTJGdXBsb2FkcyUyRkJ0bi1QREYucG5nJTIyJTIwJTJGJTNFJTNDJTJGYSUzRSUzQyUyRmRpdiUzRSUwQSUzQyUyRmRpdiUzRQ==[\/vc_raw_html][\/vc_column_inner][vc_column_inner width=\u00bb1\/3&#8243;][vc_raw_html]JTNDZGl2JTIwY2xhc3MlM0QlMjJOb3JtYVBhbmVsJTIyJTNFJTBBJTNDZGl2JTIwY2xhc3MlM0QlMjJOb3JtYVR4dCUyMiUzRSUwQUluZm9ybWFjaSVDMyVCM24lMjBzb2JyZSUyMHAlQzMlQjNsaXphJTIwZGUlMjBnYXJhbnQlQzMlQURhJTIwY29ycmVkb3JlcyUzQyUyRmRpdiUzRSUwQSUzQ2RpdiUyMGNsYXNzJTNEJTIyTm9ybWFCdG4lMjIlM0UlM0NhJTIwaHJlZiUzRCUyMmh0dHBzJTNBJTJGJTJGZ3J1cG9nYXJuZXQuY29tJTJGd2ViJTJGd3AtY29udGVudCUyRnVwbG9hZHMlMkZJbmZvcm1lLXNvYnJlLXAlQzMlQjNsaXphLWRlLWdhcmFudCVDMyVBRGEucGRmJTIyJTIwdGFyZ2V0JTNEJTIyX2JsYW5rJTIyJTIwdGl0bGUlM0QlMjJEZXNjYXJnYXIlMjBEb2N1bWVudG8lMjIlM0UlM0NpbWclMjBzcmMlM0QlMjJodHRwcyUzQSUyRiUyRmdydXBvZ2FybmV0LmNvbSUyRndlYiUyRndwLWNvbnRlbnQlMkZ1cGxvYWRzJTJGQnRuLVBERi5wbmclMjIlMjAlMkYlM0UlM0MlMkZhJTNFJTNDJTJGZGl2JTNFJTBBJTNDJTJGZGl2JTNF[\/vc_raw_html][\/vc_column_inner][\/vc_row_inner][\/vc_column][\/vc_row][vc_row center_row=\u00bbyes\u00bb local_scroll_id=\u00bbContacto\u00bb][vc_column][vc_column_text]\n<h1 style=\"text-align: center;\">CONTACTO<\/h1>\n[\/vc_column_text][vc_single_image image=\u00bb113&#8243; alignment=\u00bbcenter\u00bb css=\u00bb.vc_custom_1593456838545{padding-top: 10px !important;}\u00bb][vc_row_inner content_placement=\u00bbmiddle\u00bb remove_bottom_col_margin=\u00bbtrue\u00bb css=\u00bb.vc_custom_1593462923499{background-color: #261314 !important;}\u00bb][vc_column_inner width=\u00bb1\/3&#8243;][vc_single_image image=\u00bb207&#8243; alignment=\u00bbcenter\u00bb css=\u00bb.vc_custom_1593462849170{margin-right: -15px !important;margin-left: -15px !important;}\u00bb][\/vc_column_inner][vc_column_inner width=\u00bb1\/3&#8243;][vc_column_text]\n<div class=\"ContactTitle\">Conf\u00eda en nosotros<\/div>\n<div class=\"ContactTxt\">Analizamos las mejores opciones para proteger a tus colaboradores o alternativas de protecci\u00f3n para tus clientes. Nuestras soluciones son adaptables y en base a un estudio acabado de tus requerimientos.<\/div>\n[\/vc_column_text][\/vc_column_inner][vc_column_inner width=\u00bb1\/3&#8243;][vc_raw_html]JTNDZGl2JTIwY2xhc3MlM0QlMjJDb250YWN0TWFpbiUyMiUzRSUwQSUzQ2RpdiUyMGNsYXNzJTNEJTIyQ29udGFjdE1haWwlMjIlM0UlM0NpJTIwY2xhc3MlM0QlMjJ0aWNvbiUyMHRpY29uLWVudmVsb3BlJTIyJTNFJTNDJTJGaSUzRSUyMCUzQ2ElMjBocmVmJTNEJTIybWFpbHRvJTNBY29udGFjdG8lNDBncnVwb2dhcm5ldC5jb20lMjIlMjBzdHlsZSUzRCUyMmNvbG9yJTNBJTIwJTIzMDAwMDAwJTNCJTIyJTIwdGl0bGUlM0QlMjJFc2NyJUMzJUFEYmVub3MlMjIlM0Vjb250YWN0byU0MGdydXBvZ2FybmV0LmNvbSUzQyUyRmElM0UlM0MlMkZkaXYlM0UlMEElM0NkaXYlMjBjbGFzcyUzRCUyMkNvbnRhY3RXaGF0c2FwcCUyMiUzRSUzQ2klMjBjbGFzcyUzRCUyMnRpY29uJTIwdGljb24td2hhdHNhcHAlMjIlM0UlM0MlMkZpJTNFJTIwV2hhdHNhcHAlMjAlM0NhJTIwaHJlZiUzRCUyMmh0dHBzJTNBJTJGJTJGd2EubWUlMkY1NjkzNTM5MDI5OCUzRnRleHQlM0RIb2xhJTIwR2FybmV0JTIyJTIwc3R5bGUlM0QlMjJjb2xvciUzQSUyMCUyMzAwMDAwMCUzQiUyMiUyMHRhcmdldCUzRCUyMl9ibGFuayUyMiUzRSUyQjU2OSUyMDM1MzklMjAwMjk4JTNDJTJGYSUzRSUzQyUyRmRpdiUzRSUwQSUzQ2RpdiUyMGNsYXNzJTNEJTIyQ29udGFjdFBob25lJTIyJTNFJTNDaSUyMGNsYXNzJTNEJTIydGljb24lMjB0aWNvbi1waG9uZSUyMiUzRSUzQyUyRmklM0UlMjAlM0NhJTIwaHJlZiUzRCUyMnRlbCUzQSUyQiUyQjU2MjMyMjMzMzI2JTIyJTIwc3R5bGUlM0QlMjJjb2xvciUzQSUyMCUyMzAwMDAwMCUzQiUyMiUzRSUyQjU2MiUyMDMyMjMlMjAzMzI2JTNDJTJGYSUzRSUzQyUyRmRpdiUzRSUwQSUzQyUyRmRpdiUzRQ==[\/vc_raw_html][\/vc_column_inner][\/vc_row_inner][\/vc_column][\/vc_row]\n","protected":false},"excerpt":{"rendered":"<p>[vc_row][vc_column][rev_slider_vc alias=\u00bbrevohome\u00bb][\/vc_column][\/vc_row][vc_row center_row=\u00bbyes\u00bb local_scroll_id=\u00bbSoluciones\u00bb][vc_column][vc_column_text] SOLUCIONES [\/vc_column_text][vc_single_image image=\u00bb113&#8243; alignment=\u00bbcenter\u00bb css=\u00bb.vc_custom_1593456838545{padding-top: 10px !important;}\u00bb][vc_row_inner][vc_column_inner width=\u00bb1\/6&#8243; offset=\u00bbvc_hidden-xs\u00bb][\/vc_column_inner][vc_column_inner width=\u00bb4\/6&#8243;][vc_column_text] Somos expertos en atender grandes contratos de construcci\u00f3n, inmobiliarios y otros, con complejidades que conllevan oportunidades financieras que un corredor de seguros tradicional no ve. En&hellip;<\/p>\n","protected":false},"author":1,"featured_media":0,"parent":0,"menu_order":0,"comment_status":"closed","ping_status":"closed","template":"","meta":{"footnotes":""},"_links":{"self":[{"href":"https:\/\/grupogarnet.com\/web\/wp-json\/wp\/v2\/pages\/33"}],"collection":[{"href":"https:\/\/grupogarnet.com\/web\/wp-json\/wp\/v2\/pages"}],"about":[{"href":"https:\/\/grupogarnet.com\/web\/wp-json\/wp\/v2\/types\/page"}],"author":[{"embeddable":true,"href":"https:\/\/grupogarnet.com\/web\/wp-json\/wp\/v2\/users\/1"}],"replies":[{"embeddable":true,"href":"https:\/\/grupogarnet.com\/web\/wp-json\/wp\/v2\/comments?post=33"}],"version-history":[{"count":71,"href":"https:\/\/grupogarnet.com\/web\/wp-json\/wp\/v2\/pages\/33\/revisions"}],"predecessor-version":[{"id":428,"href":"https:\/\/grupogarnet.com\/web\/wp-json\/wp\/v2\/pages\/33\/revisions\/428"}],"wp:attachment":[{"href":"https:\/\/grupogarnet.com\/web\/wp-json\/wp\/v2\/media?parent=33"}],"curies":[{"name":"wp","href":"https:\/\/api.w.org\/{rel}","templated":true}]}}