{"id":308,"date":"2020-06-29T22:51:01","date_gmt":"2020-06-29T22:51:01","guid":{"rendered":"https:\/\/grupogarnet.com\/web\/?page_id=308"},"modified":"2021-05-27T14:25:13","modified_gmt":"2021-05-27T14:25:13","slug":"polizas-de-garantia","status":"publish","type":"page","link":"https:\/\/grupogarnet.com\/web\/polizas-de-garantia\/","title":{"rendered":"P\u00f3lizas de Garant\u00eda"},"content":{"rendered":"[vc_row remove_bottom_col_margin=\u00bbtrue\u00bb][vc_column][rev_slider_vc alias=\u00bbrevopoliza\u00bb][\/vc_column][\/vc_row][vc_row column_spacing=\u00bb0px\u00bb center_row=\u00bbyes\u00bb css=\u00bb.vc_custom_1593471753310{background-color: #7a2c2d !important;}\u00bb][vc_column width=\u00bb1\/3&#8243;][vc_column_text]\n<div class=\"ServiceText\">\n<p>La utilizaci\u00f3n de este tipo de p\u00f3lizas se ha masificado en los \u00faltimos a\u00f1os, permitiendo a los asegurados concentrar sus l\u00edneas bancarias en financiamientos de capital de trabajo al liberar el uso de boletas de garant\u00eda.<\/p>\n<p>Nuestra experiencia de m\u00e1s de 30 a\u00f1os en Banca Inmobiliaria y Corporativa nos permite entender, dise\u00f1ar y por ende brindar la mejor atenci\u00f3n a nuestra cartera de clientes en la gesti\u00f3n y utilizaci\u00f3n de p\u00f3lizas que garanticen sus proyectos y obras.<\/p>\n<ul>\n<li>Menor Costo Financiero.<\/li>\n<li>No utiliza l\u00edneas bancarias lo que permite redestinarlas a Capital de Trabajo para tu empresa.<\/li>\n<li>Mayores plazos de cobertura que la Boleta.<\/li>\n<\/ul>\n<\/div>\n[\/vc_column_text][\/vc_column][vc_column width=\u00bb1\/3&#8243; css=\u00bb.vc_custom_1593528731179{background-color: #dec0ba !important;}\u00bb][vc_column_text]\n<div class=\"RewardMain\">\n<div class=\"RewardTitle\"><span class=\"RewardBig\">TOP TEN<\/span><br \/>\nEN EL RUBRO DE GARANT\u00cdAS<\/div>\n<div class=\"RewardTxt\">Estamos dentro de los 10 principales corredores del mercado.<\/div>\n<\/div>\n[\/vc_column_text]<a href=\"https:\/\/grupogarnet.com\/web\/wp-content\/uploads\/Ranking-Corredores-Garantia-2020-2019-2.pdf\" class=\"vcex-button theme-button flat inline RewardBtn animate-on-hover\" target=\"_blank\" style=\"background:#f28821;padding-top:10px;padding-bottom:10px;color:#000000;font-weight:400;border-radius:0px;font-family:&#039;Roboto&#039;,&#039;Helvetica Neue&#039;, Arial, sans-serif;\" data-wpex-hover='{&quot;background&quot;:&quot;#d9a79d&quot;,&quot;color&quot;:&quot;#000000&quot;}' data-wpex-rcss='{&quot;font-size&quot;:{&quot;d&quot;:&quot;13px&quot;,&quot;tl&quot;:&quot;15px&quot;,&quot;tp&quot;:&quot;15px&quot;,&quot;pp&quot;:&quot;15px&quot;}}'><span class=\"theme-button-inner\"><span class=\"vcex-icon-wrap theme-button-icon-left\"><span class=\"ticon ticon-file-pdf-o\" aria-hidden=\"true\"><\/span><\/span>| Descarga el documento aqu\u00ed<\/span><\/a> [vc_single_image image=\u00bb335&#8243; alignment=\u00bbcenter\u00bb][\/vc_column][vc_column width=\u00bb1\/3&#8243;][vc_column_text]\n<div class=\"ServiceText\">\n<div class=\"ServiceTitle\">Conf\u00eda en nosotros<\/div>\n<p>Nuestra experiencia y resultados avalan nuestro trabajo. No hay mejores especialistas en p\u00f3lizas de garant\u00eda que Garnet.<\/p><\/div>\n[\/vc_column_text][vc_raw_html el_class=\u00bbServiceContact\u00bb]JTNDZGl2JTIwY2xhc3MlM0QlMjJDb250YWN0TWFpbiUyMiUzRSUwQSUzQ2RpdiUyMGNsYXNzJTNEJTIyQ29udGFjdE1haWwlMjIlM0UlM0NpJTIwY2xhc3MlM0QlMjJ0aWNvbiUyMHRpY29uLWVudmVsb3BlJTIyJTNFJTNDJTJGaSUzRSUyMCUzQ2ElMjBocmVmJTNEJTIybWFpbHRvJTNBY29udGFjdG8lNDBncnVwb2dhcm5ldC5jb20lMjIlMjBzdHlsZSUzRCUyMmNvbG9yJTNBJTIwJTIzMDAwMDAwJTNCJTIyJTIwdGl0bGUlM0QlMjJFc2NyJUMzJUFEYmVub3MlMjIlM0Vjb250YWN0byU0MGdydXBvZ2FybmV0LmNvbSUzQyUyRmElM0UlM0MlMkZkaXYlM0UlMEElM0NkaXYlMjBjbGFzcyUzRCUyMkNvbnRhY3RXaGF0c2FwcCUyMiUzRSUzQ2klMjBjbGFzcyUzRCUyMnRpY29uJTIwdGljb24td2hhdHNhcHAlMjIlM0UlM0MlMkZpJTNFJTIwV2hhdHNhcHAlMjAlM0NhJTIwaHJlZiUzRCUyMmh0dHBzJTNBJTJGJTJGd2EubWUlMkY1NjkzNTM5MDI5OCUzRnRleHQlM0RIb2xhJTIwR2FybmV0JTIyJTIwc3R5bGUlM0QlMjJjb2xvciUzQSUyMCUyMzAwMDAwMCUzQiUyMiUyMHRhcmdldCUzRCUyMl9ibGFuayUyMiUzRSUyQjU2OSUyMDM1MzklMjAwMjk4JTNDJTJGYSUzRSUzQyUyRmRpdiUzRSUwQSUzQ2RpdiUyMGNsYXNzJTNEJTIyQ29udGFjdFBob25lJTIyJTNFJTNDaSUyMGNsYXNzJTNEJTIydGljb24lMjB0aWNvbi1waG9uZSUyMiUzRSUzQyUyRmklM0UlMjAlM0NhJTIwaHJlZiUzRCUyMnRlbCUzQSUyQiUyQjU2MjMyMjMzMzI2JTIyJTIwc3R5bGUlM0QlMjJjb2xvciUzQSUyMCUyMzAwMDAwMCUzQiUyMiUzRSUyQjU2MiUyMDMyMjMlMjAzMzI2JTNDJTJGYSUzRSUzQyUyRmRpdiUzRSUwQSUzQyUyRmRpdiUzRQ==[\/vc_raw_html][\/vc_column][\/vc_row]\n","protected":false},"excerpt":{"rendered":"<p>[vc_row remove_bottom_col_margin=\u00bbtrue\u00bb][vc_column][rev_slider_vc alias=\u00bbrevopoliza\u00bb][\/vc_column][\/vc_row][vc_row column_spacing=\u00bb0px\u00bb center_row=\u00bbyes\u00bb css=\u00bb.vc_custom_1593471753310{background-color: #7a2c2d !important;}\u00bb][vc_column width=\u00bb1\/3&#8243;][vc_column_text] La utilizaci\u00f3n de este tipo de p\u00f3lizas se ha masificado en los \u00faltimos a\u00f1os, permitiendo a los asegurados concentrar sus l\u00edneas bancarias en financiamientos de capital de trabajo al liberar el&hellip;<\/p>\n","protected":false},"author":1,"featured_media":0,"parent":0,"menu_order":1,"comment_status":"closed","ping_status":"closed","template":"","meta":{"footnotes":""},"_links":{"self":[{"href":"https:\/\/grupogarnet.com\/web\/wp-json\/wp\/v2\/pages\/308"}],"collection":[{"href":"https:\/\/grupogarnet.com\/web\/wp-json\/wp\/v2\/pages"}],"about":[{"href":"https:\/\/grupogarnet.com\/web\/wp-json\/wp\/v2\/types\/page"}],"author":[{"embeddable":true,"href":"https:\/\/grupogarnet.com\/web\/wp-json\/wp\/v2\/users\/1"}],"replies":[{"embeddable":true,"href":"https:\/\/grupogarnet.com\/web\/wp-json\/wp\/v2\/comments?post=308"}],"version-history":[{"count":30,"href":"https:\/\/grupogarnet.com\/web\/wp-json\/wp\/v2\/pages\/308\/revisions"}],"predecessor-version":[{"id":432,"href":"https:\/\/grupogarnet.com\/web\/wp-json\/wp\/v2\/pages\/308\/revisions\/432"}],"wp:attachment":[{"href":"https:\/\/grupogarnet.com\/web\/wp-json\/wp\/v2\/media?parent=308"}],"curies":[{"name":"wp","href":"https:\/\/api.w.org\/{rel}","templated":true}]}}